{"id":1303,"date":"2022-02-11T09:12:08","date_gmt":"2022-02-11T09:12:08","guid":{"rendered":"https:\/\/bodhi-bhavan.com\/entdecke\/pool\/"},"modified":"2022-11-04T11:18:58","modified_gmt":"2022-11-04T11:18:58","slug":"pool","status":"publish","type":"page","link":"https:\/\/bodhi-bhavan.com\/de\/entdecke\/pool\/","title":{"rendered":"Der Pool"},"content":{"rendered":"<div class=\"wpb-content-wrapper\"><p>[vc_row css_animation=&#8220;&#8220; row_type=&#8220;row&#8220; use_row_as_full_screen_section=&#8220;no&#8220; type=&#8220;grid&#8220; angled_section=&#8220;no&#8220; text_align=&#8220;center&#8220; background_image_as_pattern=&#8220;without_pattern&#8220; z_index=&#8220;&#8220; padding_top=&#8220;100&#8243; padding_bottom=&#8220;100&#8243;][vc_column width=&#8220;1\/6&#8243;][\/vc_column][vc_column width=&#8220;2\/3&#8243;][vc_column_text]<\/p>\n<h1>Der pool<\/h1>\n<p>[\/vc_column_text][vc_column_text el_class=&#8220;intro&#8220;]Die Frische des Wassers und die atemberaubende Aussicht \u00fcber die Umgebung, machen den Pool zu einem wundersch\u00f6nen Ort, an dem sich der K\u00f6rper ausruhen und der Geist sich ausdehnen kann.[\/vc_column_text][\/vc_column][vc_column width=&#8220;1\/6&#8243;][\/vc_column][\/vc_row][vc_row css_animation=&#8220;&#8220; row_type=&#8220;row&#8220; use_row_as_full_screen_section=&#8220;no&#8220; type=&#8220;grid&#8220; angled_section=&#8220;no&#8220; text_align=&#8220;left&#8220; background_image_as_pattern=&#8220;without_pattern&#8220; z_index=&#8220;&#8220; padding_bottom=&#8220;100&#8243;][vc_column width=&#8220;1\/3&#8243;][vc_single_image image=&#8220;1416&#8243; img_size=&#8220;full&#8220; qode_css_animation=&#8220;&#8220;][\/vc_column][vc_column width=&#8220;1\/12&#8243;][\/vc_column][vc_column width=&#8220;7\/12&#8243;][vc_column_text]W\u00e4hrend der untere Teil des Landes f\u00fcr den \u201eFood Forest\u201c, Gem\u00fcseg\u00e4rten und wilde Natur genutzt wird, \u00f6ffnet sich die obere H\u00e4lfte des Landes durch den Poolbereich.<\/p>\n<p>Der Pool befindet sich oberhalb des Hauses auf einer der sch\u00f6nen Naturterrassen. Von dort hat man einen fantastischen Blick auf Monchique und die Westk\u00fcste. Eingebettet in eine sch\u00f6ne Chillout-Area mit Palmen, Sonnenliegen und Schattenpl\u00e4tzen l\u00e4dt der Poolbereich zu einer l\u00e4ngeren Ruhepause ein. Mit einer Gr\u00f6\u00dfe von 4 mal 15 Metern ist es auch m\u00f6glich, richtig zu schwimmen oder einfach Spa\u00df zu haben.<\/p>\n<p>Das Wasser kommt direkt aus der inneren Wasserquelle des Picota und erfrischt K\u00f6rper und Geist zu jeder Jahreszeit. Es ist die gleiche Wasserqualit\u00e4t, die Monchique bereits f\u00fcr die R\u00f6mer so ber\u00fchmt gemacht hat. Um das Wasser sauber zu halten und so nat\u00fcrlich wie m\u00f6glich zu halten, nutzen wir eine spezielle Salzanlage. Dar\u00fcber hinaus wird der Pool 1-2-mal pro Woche von unserem professionellen Poolpfleger gepr\u00fcft und ges\u00e4ubert.[\/vc_column_text][\/vc_column][\/vc_row]<\/p>\n<\/div>","protected":false},"excerpt":{"rendered":"<p>[vc_row css_animation=&#8220;&#8220; row_type=&#8220;row&#8220; use_row_as_full_screen_section=&#8220;no&#8220; type=&#8220;grid&#8220; angled_section=&#8220;no&#8220; text_align=&#8220;center&#8220; background_image_as_pattern=&#8220;without_pattern&#8220; z_index=&#8220;&#8220; padding_top=&#8220;100&#8243; padding_bottom=&#8220;100&#8243;][vc_column width=&#8220;1\/6&#8243;][\/vc_column][vc_column width=&#8220;2\/3&#8243;][vc_column_text] Der pool [\/vc_column_text][vc_column_text el_class=&#8220;intro&#8220;]Die Frische des Wassers und die atemberaubende Aussicht \u00fcber die Umgebung, machen den Pool zu einem wundersch\u00f6nen Ort, an dem sich der K\u00f6rper ausruhen und der Geist sich ausdehnen&#8230;<\/p>\n","protected":false},"author":1,"featured_media":0,"parent":781,"menu_order":0,"comment_status":"closed","ping_status":"closed","template":"full_width.php","meta":{"footnotes":""},"class_list":["post-1303","page","type-page","status-publish","hentry"],"_links":{"self":[{"href":"https:\/\/bodhi-bhavan.com\/de\/wp-json\/wp\/v2\/pages\/1303","targetHints":{"allow":["GET"]}}],"collection":[{"href":"https:\/\/bodhi-bhavan.com\/de\/wp-json\/wp\/v2\/pages"}],"about":[{"href":"https:\/\/bodhi-bhavan.com\/de\/wp-json\/wp\/v2\/types\/page"}],"author":[{"embeddable":true,"href":"https:\/\/bodhi-bhavan.com\/de\/wp-json\/wp\/v2\/users\/1"}],"replies":[{"embeddable":true,"href":"https:\/\/bodhi-bhavan.com\/de\/wp-json\/wp\/v2\/comments?post=1303"}],"version-history":[{"count":4,"href":"https:\/\/bodhi-bhavan.com\/de\/wp-json\/wp\/v2\/pages\/1303\/revisions"}],"predecessor-version":[{"id":1418,"href":"https:\/\/bodhi-bhavan.com\/de\/wp-json\/wp\/v2\/pages\/1303\/revisions\/1418"}],"up":[{"embeddable":true,"href":"https:\/\/bodhi-bhavan.com\/de\/wp-json\/wp\/v2\/pages\/781"}],"wp:attachment":[{"href":"https:\/\/bodhi-bhavan.com\/de\/wp-json\/wp\/v2\/media?parent=1303"}],"curies":[{"name":"wp","href":"https:\/\/api.w.org\/{rel}","templated":true}]}}