{"id":1461,"date":"2022-09-26T14:04:07","date_gmt":"2022-09-26T14:04:07","guid":{"rendered":"https:\/\/bodhi-bhavan.com\/donate\/"},"modified":"2023-01-26T12:04:59","modified_gmt":"2023-01-26T12:04:59","slug":"spende","status":"publish","type":"page","link":"https:\/\/bodhi-bhavan.com\/de\/spende\/","title":{"rendered":"Spende"},"content":{"rendered":"<div class=\"wpb-content-wrapper\"><p>[vc_row css_animation=&#8220;&#8220; row_type=&#8220;row&#8220; use_row_as_full_screen_section=&#8220;no&#8220; type=&#8220;grid&#8220; angled_section=&#8220;no&#8220; text_align=&#8220;center&#8220; background_image_as_pattern=&#8220;without_pattern&#8220; z_index=&#8220;&#8220; padding_bottom=&#8220;80&#8243;][vc_column][vc_column_text]<\/p>\n<h1>Donate<\/h1>\n<p>[\/vc_column_text][vc_column_text el_class=&#8220;intro&#8220;]Seien sie teil von Bodhi Bhavan &amp; Unterst\u00fctzen sie die natur.[\/vc_column_text][\/vc_column][\/vc_row][vc_row css_animation=&#8220;&#8220; row_type=&#8220;row&#8220; use_row_as_full_screen_section=&#8220;no&#8220; type=&#8220;grid&#8220; angled_section=&#8220;no&#8220; text_align=&#8220;left&#8220; background_image_as_pattern=&#8220;without_pattern&#8220; z_index=&#8220;&#8220; padding_bottom=&#8220;80&#8243;][vc_column width=&#8220;5\/12&#8243;][vc_single_image image=&#8220;1423&#8243; img_size=&#8220;full&#8220; qode_css_animation=&#8220;&#8220;][\/vc_column][vc_column width=&#8220;1\/12&#8243;][\/vc_column][vc_column width=&#8220;1\/2&#8243;][vc_column_text]<\/p>\n<p style=\"font-weight: 400;\">Mehr Zeit mit und in der Natur zu verbringen, war einer der Hauptgr\u00fcnde, warum wir uns in Bodhi Bhavan verliebt haben. Unsere Faszination f\u00fcr die Natur und die Freude, die wir durch sie bekommen, bereichert uns immer wieder. Aus diesem Grund haben wir von Anfang an viel Wert auf den Garten und den Anbau von Permakultur-Prinzipien in Form eines \u201eFood Forest\u201c gelegt.<\/p>\n<p style=\"font-weight: 400;\">Der Aufenthalt auf dem Boden von Bodhi Bhavan kann auch genutzt werden, um sich der nat\u00fcrlichen Prinzipien und der Herkunft unserer Nahrungs- und Wasserquellen bewusster zu werden. Bei Bodhi Bhavan sind wir auf das Wasser aus den Bergquellen angewiesen. Neben dem Anbau unserer eigenen Lebensmittel ist es auch unser Ziel, mittels Permakultur unser eigenes \u00d6kosystem zu schaffen, um das uns zur Verf\u00fcgung stehende Wasser m\u00f6glichst effizient zu nutzen.<\/p>\n<p style=\"font-weight: 400;\">Von unserer urspr\u00fcnglichen Vision, einen \u201eFood Forest\u201c zu erschaffen, haben wir bis zu heutigem Tag ca. 300 B\u00e4ume gepflanzt. F\u00fcr die helfenden H\u00e4nde und Pflanzenspenden unserer Besucher sind wir sehr dankbar. Und ebenso dankbar sind wir f\u00fcr die Unterst\u00fctzung und Vision der erfahrenen Permakultur-G\u00e4rtner @food_forest_design, Sandra &amp; Michael\u00a0(<i class=\"qode_icon_font_awesome fa fa-instagram simple_social\"><\/i> <a href=\"https:\/\/www.instagram.com\/food_forest_design\/\" target=\"_blank\" rel=\"noopener\">food_forest_design<\/a>).<\/p>\n<p style=\"font-weight: 400;\">Wir haben gelernt, wie viel Freude es macht, gemeinsam B\u00e4ume zu pflanzen und das Wachstum von Jahr zu Jahr zu beobachten. Zu sehen, wie sich die Pflanzen wurzeln m\u00fcssen, bevor sie gr\u00f6\u00dfer werden k\u00f6nnen, ist faszinierend und eine Inspiration f\u00fcr die Weisheit unserer menschlichen Entwicklung.<\/p>\n<p style=\"font-weight: 400;\">Wir haben Menschen, die uns jedes Jahr besuchen und die Entwicklung ihrer eigenen gepflanzten B\u00e4ume genie\u00dfen. Einige m\u00f6chten die Natur im Allgemeinen unterst\u00fctzen, da sie in St\u00e4dten leben. F\u00fcr Andere wird der Baum zum Symbol f\u00fcr ein wichtiges Ereignis, eine Person oder ein Thema in ihrem Leben. Es mag verschiedene Gr\u00fcnde geben, aber die Freude an dem Baum und seiner Sch\u00f6nheit ist allen gemeinsam.<\/p>\n<p>[\/vc_column_text][\/vc_column][\/vc_row][vc_row css_animation=&#8220;&#8220; row_type=&#8220;row&#8220; use_row_as_full_screen_section=&#8220;no&#8220; type=&#8220;grid&#8220; angled_section=&#8220;no&#8220; text_align=&#8220;left&#8220; background_image_as_pattern=&#8220;without_pattern&#8220; z_index=&#8220;&#8220; background_color=&#8220;#e5dbd8&#8243; padding_top=&#8220;80&#8243; padding_bottom=&#8220;80&#8243;][vc_column width=&#8220;5\/12&#8243;][vc_column_text el_class=&#8220;intro&#8220;]<\/p>\n<h2>Ihre Unterst\u00fctzung ist willkommen<\/h2>\n<p>[\/vc_column_text][vc_column_text el_class=&#8220;intro&#8220;]<\/p>\n<p>Wenn Du dich von unserem Naturprojekt und den belohnenden Prinzipien der Natur angesprochen f\u00fchlst, dann freuen wir uns \u00fcber deinen individuellen Beitrag. Mit deiner Unterst\u00fctzung wird ein neuer Baum gepflanzt, ans Wassersystem angeschlossen und kontinuierlich gepflegt.<\/p>\n<p>[\/vc_column_text][vc_column_text]<strong>Kostenvoranschlag f\u00fcr die Pflanzung:<\/strong><\/p>\n<div>\n<p><span lang=\"DE\">Kleiner Baum\/Strauch<\/span>: \u20ac 35,-<br \/>\n<span lang=\"DE\">Mittlerer Baum<\/span>: \u20ac 75,-<br \/>\n<span lang=\"DE\">Gr\u00f6\u00dferer Baum<\/span>: \u20ac 115,-<\/p>\n<\/div>\n<p>Jede Spende ist willkommen[\/vc_column_text][\/vc_column][vc_column width=&#8220;1\/12&#8243;][\/vc_column][vc_column width=&#8220;1\/2&#8243;][vc_raw_html]JTVCZG9uZXJlbl9tZXRfbW9sbGllJTVE[\/vc_raw_html][\/vc_column][\/vc_row]<\/p>\n<\/div>","protected":false},"excerpt":{"rendered":"<p>[vc_row css_animation=&#8220;&#8220; row_type=&#8220;row&#8220; use_row_as_full_screen_section=&#8220;no&#8220; type=&#8220;grid&#8220; angled_section=&#8220;no&#8220; text_align=&#8220;center&#8220; background_image_as_pattern=&#8220;without_pattern&#8220; z_index=&#8220;&#8220; padding_bottom=&#8220;80&#8243;][vc_column][vc_column_text] Donate [\/vc_column_text][vc_column_text el_class=&#8220;intro&#8220;]Seien sie teil von Bodhi Bhavan &amp; Unterst\u00fctzen sie die natur.[\/vc_column_text][\/vc_column][\/vc_row][vc_row css_animation=&#8220;&#8220; row_type=&#8220;row&#8220; use_row_as_full_screen_section=&#8220;no&#8220; type=&#8220;grid&#8220; angled_section=&#8220;no&#8220; text_align=&#8220;left&#8220; background_image_as_pattern=&#8220;without_pattern&#8220; z_index=&#8220;&#8220; padding_bottom=&#8220;80&#8243;][vc_column width=&#8220;5\/12&#8243;][vc_single_image image=&#8220;1423&#8243; img_size=&#8220;full&#8220; qode_css_animation=&#8220;&#8220;][\/vc_column][vc_column width=&#8220;1\/12&#8243;][\/vc_column][vc_column width=&#8220;1\/2&#8243;][vc_column_text] Mehr Zeit mit und in der Natur&#8230;<\/p>\n","protected":false},"author":1,"featured_media":0,"parent":0,"menu_order":0,"comment_status":"closed","ping_status":"closed","template":"full_width.php","meta":{"footnotes":""},"class_list":["post-1461","page","type-page","status-publish","hentry"],"_links":{"self":[{"href":"https:\/\/bodhi-bhavan.com\/de\/wp-json\/wp\/v2\/pages\/1461","targetHints":{"allow":["GET"]}}],"collection":[{"href":"https:\/\/bodhi-bhavan.com\/de\/wp-json\/wp\/v2\/pages"}],"about":[{"href":"https:\/\/bodhi-bhavan.com\/de\/wp-json\/wp\/v2\/types\/page"}],"author":[{"embeddable":true,"href":"https:\/\/bodhi-bhavan.com\/de\/wp-json\/wp\/v2\/users\/1"}],"replies":[{"embeddable":true,"href":"https:\/\/bodhi-bhavan.com\/de\/wp-json\/wp\/v2\/comments?post=1461"}],"version-history":[{"count":3,"href":"https:\/\/bodhi-bhavan.com\/de\/wp-json\/wp\/v2\/pages\/1461\/revisions"}],"predecessor-version":[{"id":1464,"href":"https:\/\/bodhi-bhavan.com\/de\/wp-json\/wp\/v2\/pages\/1461\/revisions\/1464"}],"wp:attachment":[{"href":"https:\/\/bodhi-bhavan.com\/de\/wp-json\/wp\/v2\/media?parent=1461"}],"curies":[{"name":"wp","href":"https:\/\/api.w.org\/{rel}","templated":true}]}}