{"id":781,"date":"2019-06-12T08:59:09","date_gmt":"2019-06-12T08:59:09","guid":{"rendered":"http:\/\/bodhi-bhavan.com\/?page_id=781"},"modified":"2022-11-04T11:16:00","modified_gmt":"2022-11-04T11:16:00","slug":"entdecke","status":"publish","type":"page","link":"https:\/\/bodhi-bhavan.com\/de\/entdecke\/","title":{"rendered":"Entdecke unser Bhavan"},"content":{"rendered":"<div class=\"wpb-content-wrapper\"><p>[vc_row css_animation=&#8220;&#8220; row_type=&#8220;row&#8220; use_row_as_full_screen_section=&#8220;no&#8220; type=&#8220;grid&#8220; angled_section=&#8220;no&#8220; text_align=&#8220;center&#8220; background_image_as_pattern=&#8220;without_pattern&#8220; padding_top=&#8220;100&#8243; z_index=&#8220;&#8220; padding_bottom=&#8220;30&#8243;][vc_column width=&#8220;1\/6&#8243;][\/vc_column][vc_column width=&#8220;2\/3&#8243;][vc_column_text]<\/p>\n<h1>Das Bhavan<\/h1>\n<p>[\/vc_column_text][vc_column_text el_class=&#8220;intro&#8220;]Bodhi Bhavan wurde geschaffen, damit die Besucher tiefen Frieden und Heilung finden und sich selbst in Klarheit begegnen und zur eigenen inneren Kraft finden.[\/vc_column_text][\/vc_column][vc_column width=&#8220;1\/6&#8243;][\/vc_column][\/vc_row][vc_row css_animation=&#8220;&#8220; row_type=&#8220;row&#8220; use_row_as_full_screen_section=&#8220;no&#8220; type=&#8220;grid&#8220; angled_section=&#8220;no&#8220; text_align=&#8220;center&#8220; background_image_as_pattern=&#8220;without_pattern&#8220; padding_bottom=&#8220;100&#8243;][vc_column][vc_column_text]Bodhi und Bhavan sind beides Begriffe aus dem Sanskrit, die den Sinn unseres Ortes widerspiegeln. Bodhi steht f\u00fcr den erleuchteten oder erwachten Geist. Der Buddha hat die Erleuchtung unter einem Bodhibaum, einem heiligen Feigenbaum, erlangt. Bodhi bedeutet auch Wissen, Wahrheit und Weisheit.<\/p>\n<p>Die Bedeutung von Bhavan spiegelt auch mehrere zentrale Qualit\u00e4ten unseres Ortes und des Landes wider. Bhavan stammt vom Sanskritwort Bhavana ab und hat mehrere Bedeutungen.<\/p>\n<p>Bhavan steht f\u00fcr Heim und Residenz. Es kann auch mit Existenz \u00fcbersetzt werden oder als ein Ort, wo etwas w\u00e4chst. Und Bhavana bedeutet zudem sich etwas vorstellen, etwas entstehen lassen und lehren.<\/p>\n<p>Bodhi Bhavan wurde geschaffen, damit die Besucher tiefen Frieden und Heilung erlangen, sich selbst in Klarheit begegnen und zur eigenen inneren Kraft finden.[\/vc_column_text][\/vc_column][\/vc_row][vc_row css_animation=&#8220;&#8220; row_type=&#8220;row&#8220; use_row_as_full_screen_section=&#8220;no&#8220; type=&#8220;full_width&#8220; angled_section=&#8220;no&#8220; text_align=&#8220;left&#8220; background_image_as_pattern=&#8220;without_pattern&#8220; z_index=&#8220;&#8220;][vc_column][qode_elements_holder background_color=&#8220;#ffffff&#8220; number_of_columns=&#8220;two_columns&#8220; alignment_one_column=&#8220;center&#8220; custom_class=&#8220;test&#8220;][qode_elements_holder_item cover=&#8220;yes&#8220; vertical_alignment=&#8220;middle&#8220; horizontal_alignment=&#8220;center&#8220; advanced_animations=&#8220;no&#8220; background_image=&#8220;402&#8243; custom_class=&#8220;col_photo&#8220;][\/qode_elements_holder_item][qode_elements_holder_item vertical_alignment=&#8220;middle&#8220; horizontal_alignment=&#8220;center&#8220; advanced_animations=&#8220;no&#8220; background_color=&#8220;#e5dbd8&#8243; custom_class=&#8220;col_text&#8220; item_padding=&#8220;50px&#8220;][vc_column_text]<\/p>\n<h2>Die Unterk\u00fcnfte<\/h2>\n<p>[\/vc_column_text][vc_column_text]<\/p>\n<blockquote><p>Das Haupthaus ist neu renoviert, mit 8 eleganten Doppelzimmern. jedes Schlafzimmer hat ein eigenes Badezimmer. Es gibt einen Wohnraum, eine K\u00fcche und Terrasse.<\/p><\/blockquote>\n<p>[\/vc_column_text][vc_raw_html]JTNDYSUyMGhyZWYlM0QlMjIlMkZkZSUyRmVudGRlY2tlJTJGdW50ZXJrdW5mdGUlMjIlMjB0YXJnZXQlM0QlMjJfc2VsZiUyMiUyMGNsYXNzJTNEJTIyYnRuJTIwc29saWQlMjIlM0UlMjBFbnRkZWNrZSUyMHVuc2VyZSUyMFVudGVyayVDMyVCQ25mdGUlM0MlMkZhJTNF[\/vc_raw_html][\/qode_elements_holder_item][\/qode_elements_holder][\/vc_column][\/vc_row][vc_row css_animation=&#8220;&#8220; row_type=&#8220;row&#8220; use_row_as_full_screen_section=&#8220;no&#8220; type=&#8220;full_width&#8220; angled_section=&#8220;no&#8220; text_align=&#8220;left&#8220; background_image_as_pattern=&#8220;without_pattern&#8220; z_index=&#8220;&#8220;][vc_column][qode_elements_holder number_of_columns=&#8220;two_columns&#8220; alignment_one_column=&#8220;center&#8220;][qode_elements_holder_item vertical_alignment=&#8220;middle&#8220; horizontal_alignment=&#8220;center&#8220; advanced_animations=&#8220;no&#8220; background_color=&#8220;#cab9b3&#8243; custom_class=&#8220;col_text&#8220; item_padding=&#8220;50px&#8220;][vc_column_text]<\/p>\n<h2>Das Studio<\/h2>\n<p>[\/vc_column_text][vc_column_text]<\/p>\n<blockquote><p>Im oberen Teil des Grundst\u00fccks befindet sich das 50m2 Studio\/Yoga Shala f\u00fcr Klassen, Workshops und Pr\u00e4sentationen mit gro\u00dfen Panoramafenstert\u00fcren f\u00fcr \u00fcberw\u00e4ltigende Ausblicke. Neben dem Studio ist eine 100 m\u00b2 Terrasse f\u00fcr Au\u00dfenaktivit\u00e4ten.<\/p><\/blockquote>\n<p>[\/vc_column_text][vc_raw_html]JTNDYSUyMGhyZWYlM0QlMjIlMkZkZSUyRmVudGRlY2tlJTJGc3R1ZGlvJTIyJTIwdGFyZ2V0JTNEJTIyX3NlbGYlMjIlMjBjbGFzcyUzRCUyMmJ0biUyMHNvbGlkJTIyJTNFRW50ZGVja2UlMjBkYXMlMjBTdHVkaW8lM0MlMkZhJTNF[\/vc_raw_html][\/qode_elements_holder_item][qode_elements_holder_item cover=&#8220;yes&#8220; vertical_alignment=&#8220;middle&#8220; horizontal_alignment=&#8220;center&#8220; advanced_animations=&#8220;no&#8220; background_image=&#8220;285&#8243; custom_class=&#8220;col_photo&#8220;][\/qode_elements_holder_item][\/qode_elements_holder][\/vc_column][\/vc_row][vc_row css_animation=&#8220;&#8220; row_type=&#8220;row&#8220; use_row_as_full_screen_section=&#8220;no&#8220; type=&#8220;full_width&#8220; angled_section=&#8220;no&#8220; text_align=&#8220;left&#8220; background_image_as_pattern=&#8220;without_pattern&#8220; z_index=&#8220;&#8220;][vc_column][qode_elements_holder background_color=&#8220;#ffffff&#8220; number_of_columns=&#8220;two_columns&#8220; alignment_one_column=&#8220;center&#8220; custom_class=&#8220;test&#8220;][qode_elements_holder_item cover=&#8220;yes&#8220; vertical_alignment=&#8220;middle&#8220; horizontal_alignment=&#8220;center&#8220; advanced_animations=&#8220;no&#8220; background_image=&#8220;1405&#8243; custom_class=&#8220;col_photo&#8220;][\/qode_elements_holder_item][qode_elements_holder_item vertical_alignment=&#8220;middle&#8220; horizontal_alignment=&#8220;center&#8220; advanced_animations=&#8220;no&#8220; background_color=&#8220;#e5dbd8&#8243; custom_class=&#8220;col_text&#8220; item_padding=&#8220;50px&#8220;][vc_column_text]<\/p>\n<h2>Der Pool<\/h2>\n<p>[\/vc_column_text][vc_column_text]<\/p>\n<blockquote><p>Die Frische des Wassers und die atemberaubende Aussicht \u00fcber die Umgebung, machen den Pool zu einem wundersch\u00f6nen Ort, an dem sich der K\u00f6rper ausruhen und der Geist sich ausdehnen kann.<\/p><\/blockquote>\n<p>[\/vc_column_text][vc_raw_html]JTNDYSUyMGhyZWYlM0QlMjIlMkZkZSUyRmVudGRlY2tlJTJGcG9vbCUyMiUyMHRhcmdldCUzRCUyMl9zZWxmJTIyJTIwY2xhc3MlM0QlMjJidG4lMjBzb2xpZCUyMiUzRUVudGRlY2tlJTIwZGVyJTIwcG9vbCUzQyUyRmElM0U=[\/vc_raw_html][\/qode_elements_holder_item][\/qode_elements_holder][\/vc_column][\/vc_row][vc_row css_animation=&#8220;&#8220; row_type=&#8220;row&#8220; use_row_as_full_screen_section=&#8220;no&#8220; type=&#8220;full_width&#8220; angled_section=&#8220;no&#8220; text_align=&#8220;left&#8220; background_image_as_pattern=&#8220;without_pattern&#8220; z_index=&#8220;&#8220;][vc_column][qode_elements_holder background_color=&#8220;#ffffff&#8220; number_of_columns=&#8220;two_columns&#8220; alignment_one_column=&#8220;center&#8220; custom_class=&#8220;test&#8220;][qode_elements_holder_item vertical_alignment=&#8220;middle&#8220; horizontal_alignment=&#8220;center&#8220; advanced_animations=&#8220;no&#8220; background_color=&#8220;#cab9b3&#8243; custom_class=&#8220;col_text&#8220; item_padding=&#8220;50px&#8220;][vc_column_text]<\/p>\n<h2>Land &amp; G\u00e4rten<\/h2>\n<p>[\/vc_column_text][vc_column_text]<\/p>\n<blockquote><p>Das ca. sechs Hektar gro\u00dfe Naturgrundst\u00fcck beeindruckt mit alten Steinterrassen aus der fr\u00fcheren landwirtschaftlichen Nutzung, grossen schattigen B\u00e4umen und Steinformationen. Es f\u00fchlt sich weitl\u00e4ufig an und hat gen\u00fcgend Verstecke, um f\u00fcr sich allein zu sein.<\/p><\/blockquote>\n<p>[\/vc_column_text][vc_raw_html]JTNDYSUyMGhyZWYlM0QlMjIlMkZkZSUyRmVudGRlY2tlJTJGbGFuZC1nYXJ0ZW4lMjIlMjB0YXJnZXQlM0QlMjJfc2VsZiUyMiUyMGNsYXNzJTNEJTIyYnRuJTIwc29saWQlMjIlM0VFbnRkZWNrZSUyMGRhcyUyMExhbmQlM0MlMkZhJTNF[\/vc_raw_html][\/qode_elements_holder_item][qode_elements_holder_item cover=&#8220;yes&#8220; vertical_alignment=&#8220;middle&#8220; horizontal_alignment=&#8220;center&#8220; advanced_animations=&#8220;no&#8220; background_image=&#8220;399&#8243; custom_class=&#8220;col_photo&#8220;][\/qode_elements_holder_item][\/qode_elements_holder][\/vc_column][\/vc_row][vc_row css_animation=&#8220;&#8220; row_type=&#8220;row&#8220; use_row_as_full_screen_section=&#8220;no&#8220; type=&#8220;full_width&#8220; angled_section=&#8220;no&#8220; text_align=&#8220;center&#8220; background_image_as_pattern=&#8220;without_pattern&#8220; z_index=&#8220;&#8220; padding_top=&#8220;50&#8243; padding_bottom=&#8220;40&#8243; background_color=&#8220;#ffffff&#8220;][vc_column][vc_column_text el_class=&#8220;intro&#8220;]Neben unserem sch\u00f6nen Bhavan gibt es noch so viel zu entdecken&#8230;[\/vc_column_text][\/vc_column][\/vc_row][vc_row css_animation=&#8220;&#8220; row_type=&#8220;row&#8220; use_row_as_full_screen_section=&#8220;no&#8220; type=&#8220;full_width&#8220; angled_section=&#8220;no&#8220; text_align=&#8220;center&#8220; background_image_as_pattern=&#8220;without_pattern&#8220; z_index=&#8220;&#8220; padding_bottom=&#8220;150&#8243; padding_top=&#8220;150&#8243; background_image=&#8220;329&#8243; el_class=&#8220;img_bg&#8220;][vc_column width=&#8220;1\/6&#8243;][\/vc_column][vc_column width=&#8220;2\/3&#8243;][vc_column_text]<\/p>\n<h2>Die Umgebung<\/h2>\n<p>[\/vc_column_text][vc_column_text]<\/p>\n<blockquote><p>Das Gebiet bietet spektakul\u00e4re Aussichten und eignet sich fantastisch zum Wandern. Das nahegelegene Monchique ist eine ruhige, entspannte Kleinstadt mit vielen kleinen gepflasterten Gassen. Die Str\u00e4nde der Algarve liegen nur 30 min mit dem Auto entfernt.<\/p><\/blockquote>\n<p>[\/vc_column_text][vc_raw_html]JTNDYSUyMGhyZWYlM0QlMjIlMkZkZSUyRmVudGRlY2tlJTJGdW1nZWJ1bmclMjIlMjB0YXJnZXQlM0QlMjJfc2VsZiUyMiUyMGNsYXNzJTNEJTIyYnRuJTIwc29saWRfd2hpdGUlMjIlM0VFbnRkZWNrZSUyMGRpZSUyMFVtZ2VidW5nJTNDJTJGYSUzRQ==[\/vc_raw_html][\/vc_column][vc_column width=&#8220;1\/6&#8243;][\/vc_column][\/vc_row]<\/p>\n<\/div>","protected":false},"excerpt":{"rendered":"<p>[vc_row css_animation=&#8220;&#8220; row_type=&#8220;row&#8220; use_row_as_full_screen_section=&#8220;no&#8220; type=&#8220;grid&#8220; angled_section=&#8220;no&#8220; text_align=&#8220;center&#8220; background_image_as_pattern=&#8220;without_pattern&#8220; padding_top=&#8220;100&#8243; z_index=&#8220;&#8220; padding_bottom=&#8220;30&#8243;][vc_column width=&#8220;1\/6&#8243;][\/vc_column][vc_column width=&#8220;2\/3&#8243;][vc_column_text] Das Bhavan [\/vc_column_text][vc_column_text el_class=&#8220;intro&#8220;]Bodhi Bhavan wurde geschaffen, damit die Besucher tiefen Frieden und Heilung finden und sich selbst in Klarheit begegnen und zur eigenen inneren Kraft finden.[\/vc_column_text][\/vc_column][vc_column width=&#8220;1\/6&#8243;][\/vc_column][\/vc_row][vc_row css_animation=&#8220;&#8220; row_type=&#8220;row&#8220; use_row_as_full_screen_section=&#8220;no&#8220; type=&#8220;grid&#8220;&#8230;<\/p>\n","protected":false},"author":1,"featured_media":0,"parent":0,"menu_order":2,"comment_status":"closed","ping_status":"closed","template":"full_width.php","meta":{"footnotes":""},"class_list":["post-781","page","type-page","status-publish","hentry"],"_links":{"self":[{"href":"https:\/\/bodhi-bhavan.com\/de\/wp-json\/wp\/v2\/pages\/781","targetHints":{"allow":["GET"]}}],"collection":[{"href":"https:\/\/bodhi-bhavan.com\/de\/wp-json\/wp\/v2\/pages"}],"about":[{"href":"https:\/\/bodhi-bhavan.com\/de\/wp-json\/wp\/v2\/types\/page"}],"author":[{"embeddable":true,"href":"https:\/\/bodhi-bhavan.com\/de\/wp-json\/wp\/v2\/users\/1"}],"replies":[{"embeddable":true,"href":"https:\/\/bodhi-bhavan.com\/de\/wp-json\/wp\/v2\/comments?post=781"}],"version-history":[{"count":6,"href":"https:\/\/bodhi-bhavan.com\/de\/wp-json\/wp\/v2\/pages\/781\/revisions"}],"predecessor-version":[{"id":1409,"href":"https:\/\/bodhi-bhavan.com\/de\/wp-json\/wp\/v2\/pages\/781\/revisions\/1409"}],"wp:attachment":[{"href":"https:\/\/bodhi-bhavan.com\/de\/wp-json\/wp\/v2\/media?parent=781"}],"curies":[{"name":"wp","href":"https:\/\/api.w.org\/{rel}","templated":true}]}}