{"id":790,"date":"2019-06-12T09:11:06","date_gmt":"2019-06-12T09:11:06","guid":{"rendered":"http:\/\/bodhi-bhavan.com\/?page_id=790"},"modified":"2022-11-04T11:18:52","modified_gmt":"2022-11-04T11:18:52","slug":"studio","status":"publish","type":"page","link":"https:\/\/bodhi-bhavan.com\/de\/entdecke\/studio\/","title":{"rendered":"Das Studio"},"content":{"rendered":"<div class=\"wpb-content-wrapper\"><p>[vc_row css_animation=&#8220;&#8220; row_type=&#8220;row&#8220; use_row_as_full_screen_section=&#8220;no&#8220; type=&#8220;full_width&#8220; angled_section=&#8220;no&#8220; text_align=&#8220;center&#8220; background_image_as_pattern=&#8220;without_pattern&#8220; z_index=&#8220;&#8220; padding_top=&#8220;100&#8243; padding_bottom=&#8220;100&#8243;][vc_column width=&#8220;1\/6&#8243;][\/vc_column][vc_column width=&#8220;2\/3&#8243;][vc_column_text]<\/p>\n<h1>Das Studio<\/h1>\n<p>[\/vc_column_text][vc_column_text el_class=&#8220;intro&#8220;]Das Studio liegt 50 Meter \u00fcber dem Haupthaus und bietet eine \u00fcberw\u00e4ltigenden Aussicht \u00fcber die umliegenden Berge. An klaren Tagen reicht der Blick bis an die Westk\u00fcste.[\/vc_column_text][\/vc_column][vc_column width=&#8220;1\/6&#8243;][\/vc_column][\/vc_row][vc_row css_animation=&#8220;&#8220; row_type=&#8220;row&#8220; use_row_as_full_screen_section=&#8220;no&#8220; type=&#8220;full_width&#8220; angled_section=&#8220;no&#8220; text_align=&#8220;left&#8220; background_image_as_pattern=&#8220;without_pattern&#8220; z_index=&#8220;&#8220; background_color=&#8220;#e5dbd8&#8243;][vc_column][qode_elements_holder number_of_columns=&#8220;two_columns&#8220;][qode_elements_holder_item cover=&#8220;yes&#8220; advanced_animations=&#8220;no&#8220; background_image=&#8220;423&#8243; custom_class=&#8220;col_photo_left&#8220; item_padding=&#8220;200px 0 200px 0&#8243;][\/qode_elements_holder_item][qode_elements_holder_item advanced_animations=&#8220;no&#8220; custom_class=&#8220;col_text_right&#8220; item_padding=&#8220;50px 0 50px 0&#8243;][vc_column_text]Um den alten Charme des fr\u00fcheren kleinen Hauses zu erhalten, wurden die alten Steine in die neue Hausstruktur integriert und das Haus mit einem neuen, erh\u00f6htem Holzdach versehen.<span class=\"Apple-converted-space\">\u00a0<\/span>Die Wand zum Tal und zur Au\u00dfenterrasse wurde mit gro\u00dfz\u00fcgigen Panoramafenstert\u00fcren versehen\u00a0Die Fensterfront kann komplett ge\u00f6ffnet werden. F\u00fcr k\u00fchlere Tage verf\u00fcgt der Raum \u00fcber einen Holzpelletofen. Neben der Yoga Shala gibt es eine Yogaterrasse mit 100 Quadratmetern f\u00fcr Yoga und andere Aktivit\u00e4ten unter freiem Himmel.<span class=\"Apple-converted-space\">\u00a0<\/span><\/p>\n<p>Das Yoga Shala ist mit Yogamatten, Bl\u00f6cken, Polstern, Gurten und Meditationskissen komplett ausgestattet. Beamer, elektrische Projektionsfl\u00e4che und St\u00fchle k\u00f6nnen auf Wunsch gestellt werden. Der Raum ist mit einem Sonos Soundsystem ausgestattet.[\/vc_column_text][\/qode_elements_holder_item][\/qode_elements_holder][\/vc_column][\/vc_row][vc_row css_animation=&#8220;&#8220; row_type=&#8220;row&#8220; use_row_as_full_screen_section=&#8220;no&#8220; type=&#8220;full_width&#8220; angled_section=&#8220;no&#8220; text_align=&#8220;left&#8220; background_image_as_pattern=&#8220;without_pattern&#8220; z_index=&#8220;&#8220; padding_bottom=&#8220;100&#8243; padding_top=&#8220;100&#8243;][vc_column width=&#8220;1\/2&#8243; el_class=&#8220;col_text_left&#8220;][vc_column_text]<\/p>\n<h3>\u00dcbersicht \u00fcber die Ausstattung:<\/h3>\n<p>[\/vc_column_text][vc_column_text]Klangschale<br \/>\nDicke Yogamatten (16)<br \/>\nD\u00fcnne Yogamatten (20)<br \/>\nBl\u00f6cke (20)<br \/>\nGurte (20)<br \/>\nMeditationskissen (25)<br \/>\nDicke Kissen\/Bolster (16)<br \/>\nSonos Soundsystem (2 x Sonos One)[\/vc_column_text][\/vc_column][vc_column width=&#8220;1\/2&#8243; el_class=&#8220;col_photo_right&#8220;][qode_elements_holder number_of_columns=&#8220;one_column&#8220;][qode_elements_holder_item cover=&#8220;yes&#8220; advanced_animations=&#8220;no&#8220; background_image=&#8220;286&#8243; item_padding=&#8220;200px&#8220;][\/qode_elements_holder_item][\/qode_elements_holder][\/vc_column][\/vc_row][vc_row css_animation=&#8220;&#8220; row_type=&#8220;row&#8220; use_row_as_full_screen_section=&#8220;no&#8220; type=&#8220;grid&#8220; angled_section=&#8220;no&#8220; text_align=&#8220;center&#8220; background_image_as_pattern=&#8220;without_pattern&#8220; z_index=&#8220;&#8220; padding_bottom=&#8220;100&#8243;][vc_column el_class=&#8220;col_photo_left&#8220;]<div class=\"qode-advanced-image-gallery  qode-aig-carousel-type qode-tiny-space   \">\n\t<div class=\"qode-aig-slider qode-owl-slider\" data-number-of-items=\"1\" data-enable-loop=\"yes\" data-enable-autoplay=\"yes\" data-slider-speed=\"5000\" data-slider-speed-animation=\"600\" data-slider-padding=\"no\" data-enable-navigation=\"yes\" data-enable-pagination=\"yes\">\n\t\t\t\t\t<div class=\"qode-aig-image\">\n\t\t\t\t\t\t\t\t\t<img loading=\"lazy\" decoding=\"async\" width=\"1280\" height=\"720\" src=\"https:\/\/bodhi-bhavan.com\/wp-content\/uploads\/2019\/06\/studio_06.jpg\" class=\"attachment-full size-full\" alt=\"\" srcset=\"https:\/\/bodhi-bhavan.com\/wp-content\/uploads\/2019\/06\/studio_06.jpg 1280w, https:\/\/bodhi-bhavan.com\/wp-content\/uploads\/2019\/06\/studio_06-300x169.jpg 300w, https:\/\/bodhi-bhavan.com\/wp-content\/uploads\/2019\/06\/studio_06-768x432.jpg 768w, https:\/\/bodhi-bhavan.com\/wp-content\/uploads\/2019\/06\/studio_06-1024x576.jpg 1024w, https:\/\/bodhi-bhavan.com\/wp-content\/uploads\/2019\/06\/studio_06-700x394.jpg 700w, https:\/\/bodhi-bhavan.com\/wp-content\/uploads\/2019\/06\/studio_06-539x303.jpg 539w\" sizes=\"auto, (max-width: 1280px) 100vw, 1280px\" \/>\t\t\t\t\t<span class=\"aig-gallery-hover\">\n\t\t\t\t\t\t\t\t\t\t\t<\/span>\n\t\t\t\t\t\t\t<\/div>\n\t\t\t\t\t\t\t\t<div class=\"qode-aig-image\">\n\t\t\t\t\t\t\t\t\t<img loading=\"lazy\" decoding=\"async\" width=\"1280\" height=\"720\" src=\"https:\/\/bodhi-bhavan.com\/wp-content\/uploads\/2019\/06\/studio_01.jpg\" class=\"attachment-full size-full\" alt=\"\" srcset=\"https:\/\/bodhi-bhavan.com\/wp-content\/uploads\/2019\/06\/studio_01.jpg 1280w, https:\/\/bodhi-bhavan.com\/wp-content\/uploads\/2019\/06\/studio_01-300x169.jpg 300w, https:\/\/bodhi-bhavan.com\/wp-content\/uploads\/2019\/06\/studio_01-768x432.jpg 768w, https:\/\/bodhi-bhavan.com\/wp-content\/uploads\/2019\/06\/studio_01-1024x576.jpg 1024w, https:\/\/bodhi-bhavan.com\/wp-content\/uploads\/2019\/06\/studio_01-700x394.jpg 700w, https:\/\/bodhi-bhavan.com\/wp-content\/uploads\/2019\/06\/studio_01-539x303.jpg 539w\" sizes=\"auto, (max-width: 1280px) 100vw, 1280px\" \/>\t\t\t\t\t<span class=\"aig-gallery-hover\">\n\t\t\t\t\t\t\t\t\t\t\t<\/span>\n\t\t\t\t\t\t\t<\/div>\n\t\t\t\t\t\t\t\t<div class=\"qode-aig-image\">\n\t\t\t\t\t\t\t\t\t<img loading=\"lazy\" decoding=\"async\" width=\"1280\" height=\"720\" src=\"https:\/\/bodhi-bhavan.com\/wp-content\/uploads\/2019\/06\/studio_03.jpg\" class=\"attachment-full size-full\" alt=\"\" srcset=\"https:\/\/bodhi-bhavan.com\/wp-content\/uploads\/2019\/06\/studio_03.jpg 1280w, https:\/\/bodhi-bhavan.com\/wp-content\/uploads\/2019\/06\/studio_03-300x169.jpg 300w, https:\/\/bodhi-bhavan.com\/wp-content\/uploads\/2019\/06\/studio_03-768x432.jpg 768w, https:\/\/bodhi-bhavan.com\/wp-content\/uploads\/2019\/06\/studio_03-1024x576.jpg 1024w, https:\/\/bodhi-bhavan.com\/wp-content\/uploads\/2019\/06\/studio_03-700x394.jpg 700w, https:\/\/bodhi-bhavan.com\/wp-content\/uploads\/2019\/06\/studio_03-539x303.jpg 539w\" sizes=\"auto, (max-width: 1280px) 100vw, 1280px\" \/>\t\t\t\t\t<span class=\"aig-gallery-hover\">\n\t\t\t\t\t\t\t\t\t\t\t<\/span>\n\t\t\t\t\t\t\t<\/div>\n\t\t\t\t\t\t\t\t<div class=\"qode-aig-image\">\n\t\t\t\t\t\t\t\t\t<img loading=\"lazy\" decoding=\"async\" width=\"1280\" height=\"720\" src=\"https:\/\/bodhi-bhavan.com\/wp-content\/uploads\/2019\/06\/studio_04.jpg\" class=\"attachment-full size-full\" alt=\"\" srcset=\"https:\/\/bodhi-bhavan.com\/wp-content\/uploads\/2019\/06\/studio_04.jpg 1280w, https:\/\/bodhi-bhavan.com\/wp-content\/uploads\/2019\/06\/studio_04-300x169.jpg 300w, https:\/\/bodhi-bhavan.com\/wp-content\/uploads\/2019\/06\/studio_04-768x432.jpg 768w, https:\/\/bodhi-bhavan.com\/wp-content\/uploads\/2019\/06\/studio_04-1024x576.jpg 1024w, https:\/\/bodhi-bhavan.com\/wp-content\/uploads\/2019\/06\/studio_04-700x394.jpg 700w, https:\/\/bodhi-bhavan.com\/wp-content\/uploads\/2019\/06\/studio_04-539x303.jpg 539w\" sizes=\"auto, (max-width: 1280px) 100vw, 1280px\" \/>\t\t\t\t\t<span class=\"aig-gallery-hover\">\n\t\t\t\t\t\t\t\t\t\t\t<\/span>\n\t\t\t\t\t\t\t<\/div>\n\t\t\t\t\t\t\t\t<div class=\"qode-aig-image\">\n\t\t\t\t\t\t\t\t\t<img loading=\"lazy\" decoding=\"async\" width=\"1280\" height=\"720\" src=\"https:\/\/bodhi-bhavan.com\/wp-content\/uploads\/2019\/06\/studio_05.jpg\" class=\"attachment-full size-full\" alt=\"\" srcset=\"https:\/\/bodhi-bhavan.com\/wp-content\/uploads\/2019\/06\/studio_05.jpg 1280w, https:\/\/bodhi-bhavan.com\/wp-content\/uploads\/2019\/06\/studio_05-300x169.jpg 300w, https:\/\/bodhi-bhavan.com\/wp-content\/uploads\/2019\/06\/studio_05-768x432.jpg 768w, https:\/\/bodhi-bhavan.com\/wp-content\/uploads\/2019\/06\/studio_05-1024x576.jpg 1024w, https:\/\/bodhi-bhavan.com\/wp-content\/uploads\/2019\/06\/studio_05-700x394.jpg 700w, https:\/\/bodhi-bhavan.com\/wp-content\/uploads\/2019\/06\/studio_05-539x303.jpg 539w\" sizes=\"auto, (max-width: 1280px) 100vw, 1280px\" \/>\t\t\t\t\t<span class=\"aig-gallery-hover\">\n\t\t\t\t\t\t\t\t\t\t\t<\/span>\n\t\t\t\t\t\t\t<\/div>\n\t\t\t\t\t\t\t\t<div class=\"qode-aig-image\">\n\t\t\t\t\t\t\t\t\t<img loading=\"lazy\" decoding=\"async\" width=\"1280\" height=\"720\" src=\"https:\/\/bodhi-bhavan.com\/wp-content\/uploads\/2019\/06\/studio_02.jpg\" class=\"attachment-full size-full\" alt=\"\" srcset=\"https:\/\/bodhi-bhavan.com\/wp-content\/uploads\/2019\/06\/studio_02.jpg 1280w, https:\/\/bodhi-bhavan.com\/wp-content\/uploads\/2019\/06\/studio_02-300x169.jpg 300w, https:\/\/bodhi-bhavan.com\/wp-content\/uploads\/2019\/06\/studio_02-768x432.jpg 768w, https:\/\/bodhi-bhavan.com\/wp-content\/uploads\/2019\/06\/studio_02-1024x576.jpg 1024w, https:\/\/bodhi-bhavan.com\/wp-content\/uploads\/2019\/06\/studio_02-700x394.jpg 700w, https:\/\/bodhi-bhavan.com\/wp-content\/uploads\/2019\/06\/studio_02-539x303.jpg 539w\" sizes=\"auto, (max-width: 1280px) 100vw, 1280px\" \/>\t\t\t\t\t<span class=\"aig-gallery-hover\">\n\t\t\t\t\t\t\t\t\t\t\t<\/span>\n\t\t\t\t\t\t\t<\/div>\n\t\t\t\t\t\t<\/div>\n<\/div>[\/vc_column][\/vc_row]<\/p>\n<\/div>","protected":false},"excerpt":{"rendered":"<p>[vc_row css_animation=&#8220;&#8220; row_type=&#8220;row&#8220; use_row_as_full_screen_section=&#8220;no&#8220; type=&#8220;full_width&#8220; angled_section=&#8220;no&#8220; text_align=&#8220;center&#8220; background_image_as_pattern=&#8220;without_pattern&#8220; z_index=&#8220;&#8220; padding_top=&#8220;100&#8243; padding_bottom=&#8220;100&#8243;][vc_column width=&#8220;1\/6&#8243;][\/vc_column][vc_column width=&#8220;2\/3&#8243;][vc_column_text] Das Studio [\/vc_column_text][vc_column_text el_class=&#8220;intro&#8220;]Das Studio liegt 50 Meter \u00fcber dem Haupthaus und bietet eine \u00fcberw\u00e4ltigenden Aussicht \u00fcber die umliegenden Berge. An klaren Tagen reicht der Blick bis an die Westk\u00fcste.[\/vc_column_text][\/vc_column][vc_column width=&#8220;1\/6&#8243;][\/vc_column][\/vc_row][vc_row css_animation=&#8220;&#8220;&#8230;<\/p>\n","protected":false},"author":1,"featured_media":0,"parent":781,"menu_order":2,"comment_status":"closed","ping_status":"closed","template":"full_width.php","meta":{"footnotes":""},"class_list":["post-790","page","type-page","status-publish","hentry"],"_links":{"self":[{"href":"https:\/\/bodhi-bhavan.com\/de\/wp-json\/wp\/v2\/pages\/790","targetHints":{"allow":["GET"]}}],"collection":[{"href":"https:\/\/bodhi-bhavan.com\/de\/wp-json\/wp\/v2\/pages"}],"about":[{"href":"https:\/\/bodhi-bhavan.com\/de\/wp-json\/wp\/v2\/types\/page"}],"author":[{"embeddable":true,"href":"https:\/\/bodhi-bhavan.com\/de\/wp-json\/wp\/v2\/users\/1"}],"replies":[{"embeddable":true,"href":"https:\/\/bodhi-bhavan.com\/de\/wp-json\/wp\/v2\/comments?post=790"}],"version-history":[{"count":4,"href":"https:\/\/bodhi-bhavan.com\/de\/wp-json\/wp\/v2\/pages\/790\/revisions"}],"predecessor-version":[{"id":1383,"href":"https:\/\/bodhi-bhavan.com\/de\/wp-json\/wp\/v2\/pages\/790\/revisions\/1383"}],"up":[{"embeddable":true,"href":"https:\/\/bodhi-bhavan.com\/de\/wp-json\/wp\/v2\/pages\/781"}],"wp:attachment":[{"href":"https:\/\/bodhi-bhavan.com\/de\/wp-json\/wp\/v2\/media?parent=790"}],"curies":[{"name":"wp","href":"https:\/\/api.w.org\/{rel}","templated":true}]}}