{"id":803,"date":"2019-06-12T09:28:37","date_gmt":"2019-06-12T09:28:37","guid":{"rendered":"http:\/\/bodhi-bhavan.com\/?page_id=803"},"modified":"2022-11-04T11:18:40","modified_gmt":"2022-11-04T11:18:40","slug":"umgebung","status":"publish","type":"page","link":"https:\/\/bodhi-bhavan.com\/de\/entdecke\/umgebung\/","title":{"rendered":"Die Umgebung"},"content":{"rendered":"<div class=\"wpb-content-wrapper\"><p>[vc_row css_animation=&#8220;&#8220; row_type=&#8220;row&#8220; use_row_as_full_screen_section=&#8220;no&#8220; type=&#8220;grid&#8220; angled_section=&#8220;no&#8220; text_align=&#8220;center&#8220; background_image_as_pattern=&#8220;without_pattern&#8220; z_index=&#8220;&#8220; padding_top=&#8220;100&#8243; padding_bottom=&#8220;100&#8243;][vc_column][vc_column_text]<\/p>\n<h1>Die Umgebung<\/h1>\n<p>[\/vc_column_text][vc_column_text el_class=&#8220;intro&#8220;]Monchique liegt 22km n\u00f6rdlich der Hafenstadt Portim\u00e3o, die sich an der S\u00fcdk\u00fcste der Algarve befindet. Monchique ist eine kleine Marktstadt hoch in der Serra de Monchique, einer dicht bewaldeten Bergregion, die die Algarve von dem Alentejo trennt. Die Berge bieten spektakul\u00e4re Ausblicke und das Gebiet unterscheidet sich sehr von der K\u00fcstenregion der Algarve.[\/vc_column_text][\/vc_column][\/vc_row][vc_row css_animation=&#8220;&#8220; row_type=&#8220;row&#8220; use_row_as_full_screen_section=&#8220;no&#8220; type=&#8220;full_width&#8220; angled_section=&#8220;no&#8220; text_align=&#8220;left&#8220; background_image_as_pattern=&#8220;without_pattern&#8220; z_index=&#8220;&#8220; padding_bottom=&#8220;100&#8243;][vc_column width=&#8220;1\/2&#8243; el_class=&#8220;col_photo_left&#8220;][qode_elements_holder number_of_columns=&#8220;one_column&#8220;][qode_elements_holder_item cover=&#8220;yes&#8220; advanced_animations=&#8220;no&#8220; background_image=&#8220;291&#8243; item_padding=&#8220;200px&#8220;][\/qode_elements_holder_item][\/qode_elements_holder][\/vc_column][vc_column width=&#8220;1\/2&#8243; el_class=&#8220;col_text_right&#8220;][vc_column_text]<\/p>\n<h3>Monchique<\/h3>\n<p>[\/vc_column_text][vc_column_text]Monchique selbst bietet totale Entspannung mit einer beeindruckenden Kulisse, einigen Sehensw\u00fcrdigkeiten, die es zu Fuss zu entdecken gilt und einer Auswahl an kleinen und guten Restaurants. Das Zentrum des Ortes besteht aus einer Ansammlung von engen, kopfsteingepflasterten Gassen mit verstreuten Caf\u00e9s. Obwohl der Ort sehr abgelegen scheint, ist er es in Wahrheit nicht.<span class=\"Apple-converted-space\">\u00a0<\/span><\/p>\n<p>Wenn man einen Tag am Strand verbringen m\u00f6chte, ist es nur eine 20-min\u00fctige Fahrt an die fantastischen Str\u00e4nden der S\u00fcdk\u00fcste und eine 30-min\u00fctige an die wild-dramatische Westk\u00fcste.<\/p>\n<p>Caldas de Monchique liegt 10 Minuten von der Stadt<i> <\/i>entfernt, hier haben schon die R\u00f6mer B\u00e4der angelegt, um das nat\u00fcrliche Quellwasser zu nutzen. Diese Thermen sind noch immer in Betrieb. Das Wasser hat wegen seines hohen Ph-Wertes (basisch) eine sehr heilende Wirkung, besonders f\u00fcr Knochen- und Hautprobleme.<\/p>\n<p>Vom h\u00f6chsten Punkt der Algarve, dem Foia (902m), kann man an klaren Tagen bis zum Kap S\u00e3o Vincente im Westen, bis Faro im Osten und in die Serra da Arrabida, nahe Lissabons im Norden schauen.<\/p>\n<p>Bodhi Bhavan liegt am Berg Picota, der sich gegen\u00fcber dem Foia befindet. Vom Retreatort hat man einen tollen Blick \u00fcber Monchique und eine Panoramasicht auf die umliegenden H\u00fcgelketten im Nordwesten.<span class=\"Apple-converted-space\">\u00a0<\/span>[\/vc_column_text][\/vc_column][\/vc_row][vc_row css_animation=&#8220;&#8220; row_type=&#8220;row&#8220; use_row_as_full_screen_section=&#8220;no&#8220; type=&#8220;full_width&#8220; angled_section=&#8220;no&#8220; text_align=&#8220;left&#8220; background_image_as_pattern=&#8220;without_pattern&#8220; z_index=&#8220;&#8220; padding_bottom=&#8220;100&#8243;][vc_column width=&#8220;1\/2&#8243; el_class=&#8220;col_text_left&#8220;][vc_column_text]<\/p>\n<h3>Wanderungen<\/h3>\n<p>[\/vc_column_text][vc_column_text]Direkt am Bodhi Bhavan starten mehrere Wanderrouten mit unterschiedlichen Schwierigkeitsgraden.\u00a0Nach einem kurzen Spaziergang (ca. 20 Minuten) zur Spitze des Picota erwartet Euch eine fantastische Aussicht auf die S\u00fcdk\u00fcste und \u00fcberw\u00e4ltigende Sonnenauf- und unterg\u00e4nge.[\/vc_column_text][\/vc_column][vc_column width=&#8220;1\/2&#8243; el_class=&#8220;col_photo_right&#8220;][qode_elements_holder number_of_columns=&#8220;one_column&#8220;][qode_elements_holder_item cover=&#8220;yes&#8220; advanced_animations=&#8220;no&#8220; background_image=&#8220;637&#8243; item_padding=&#8220;200px&#8220;][\/qode_elements_holder_item][\/qode_elements_holder][\/vc_column][\/vc_row][vc_row css_animation=&#8220;&#8220; row_type=&#8220;row&#8220; use_row_as_full_screen_section=&#8220;no&#8220; type=&#8220;full_width&#8220; angled_section=&#8220;no&#8220; text_align=&#8220;left&#8220; background_image_as_pattern=&#8220;without_pattern&#8220; z_index=&#8220;&#8220; padding_bottom=&#8220;100&#8243;][vc_column width=&#8220;1\/2&#8243; el_class=&#8220;col_photo_left&#8220;][qode_elements_holder number_of_columns=&#8220;one_column&#8220;][qode_elements_holder_item cover=&#8220;yes&#8220; advanced_animations=&#8220;no&#8220; background_image=&#8220;269&#8243; item_padding=&#8220;200px&#8220;][\/qode_elements_holder_item][\/qode_elements_holder][\/vc_column][vc_column width=&#8220;1\/2&#8243; el_class=&#8220;col_text_right&#8220;][vc_column_text]<\/p>\n<h3>Str\u00e4nde<\/h3>\n<p>[\/vc_column_text][vc_column_text]Die n\u00e4chstgelegen Str\u00e4nde befinden sich in Portim\u00e3o, ca. 30 Minuten Fahrtzeit Richtung S\u00fcden, mit dem Praia da Rocha als wohl bekanntestem. Das nahegelegene Alvor oder Praia Grande in Ferragudo bieten Alternativen. Obwohl sich diese Str\u00e4nde in St\u00e4dten befinden, sind sie nichtsdestotrotz fantastische Str\u00e4nde.<span class=\"Apple-converted-space\">\u00a0<\/span><\/p>\n<p>Sehr popul\u00e4re und spektakul\u00e4re Str\u00e4nde befinden sich auch entlang des Wanderweges von Praia de Marinha nach Benagil, &#8211; w\u00e4hrend man auf den Klippen entlang wandert, schaut man auf beeindruckende Felsformationen und Str\u00e4nde hinab. Ebenso einladend ist ein kurzer Bootsausflug zum ber\u00fchmten H\u00f6hlenstrand von Benagil oder ein Ausflug, um Delfine zu beobachten.<\/p>\n<p>Die Westk\u00fcste von Portugal bietet eine einzigartig wilde Naturlandschaft und ist ber\u00fchmt f\u00fcr Weltklasse-Surfbedingungen. Die Str\u00e4nde sind ebenso atemberaubend sch\u00f6n, weitl\u00e4ufig und fast menschenleer von einem kurzen Zeitraum in der Hochsaison mal abgesehen. Bekannte Str\u00e4nde sind Monte Clerigo, Amoreira oder Arrifana (alle in der N\u00e4he von Aljezur) und Praia Bordeira in Carrapateira.[\/vc_column_text][\/vc_column][\/vc_row][vc_row css_animation=&#8220;&#8220; row_type=&#8220;row&#8220; use_row_as_full_screen_section=&#8220;no&#8220; type=&#8220;full_width&#8220; angled_section=&#8220;no&#8220; text_align=&#8220;left&#8220; background_image_as_pattern=&#8220;without_pattern&#8220; z_index=&#8220;&#8220; padding_bottom=&#8220;100&#8243;][vc_column width=&#8220;1\/2&#8243; el_class=&#8220;col_text_left&#8220;][vc_column_text]<\/p>\n<h3>Nahegelegene St\u00e4dte der Algarve<\/h3>\n<p>[\/vc_column_text][vc_column_text]Lagos ist eine sch\u00f6ne Stadt zum Flanieren, Shoppen und Essen gehen. Alte Strassenz\u00fcge, kleine L\u00e4den und gem\u00fctliche Caf\u00e9s bestimmen das Geschehen und laden zu einem Samstagnachmittagsspaziergang nach einem Besuch des authentischen Bauernmarktes ein. Lagos bietet auch eine gro\u00dfe Auswahl von Str\u00e4nden, wie dem familienfreundlichen Meia Praia, einem 4km langem Strand aus goldenem Sand.<span class=\"Apple-converted-space\">\u00a0<\/span><\/p>\n<p>Faro hat eine sch\u00f6ne Altstadt mit einer sehensw\u00fcrdigen Kathedrale. Aus dem kleinen Hafen fahren die Boote zu den Inseln ab, die Faro vom offenen Meer trennen, &#8211; vor allem die Paradiesinsel verf\u00fcgt \u00fcber einen unber\u00fchrten Sandstrand.<\/p>\n<p>Silves liegt nah an Monchique und hat eine malerische Altstadt, die unbedingt einen Besuch wert ist. Silves war die alte maurische Hauptstadt der Algarve und ist immer noch von einer Stadtmauer mit 11 T\u00fcrmen umgeben, die begehbar ist und von der man sch\u00f6ne Ausblicke in die Stadt und die Umgebung hat.<\/p>\n<p>Die M\u00e4rkte der Algarve sind bunt, voller Leben und neben exotischen Fr\u00fcchten und Gem\u00fcse, finden sich viele hiesige Spezialit\u00e4ten. Markttage und weitere Informationen \u00fcber die Algarve finden sich auf den Seiten:<\/p>\n<p><strong>Weitere Informationen \u00fcber die M\u00e4rkte der Algarve:<\/strong><\/p>\n<p><a href=\"http:\/\/www.portugalist.com\/\" target=\"_blank\" rel=\"noopener noreferrer\">www.portugalist.com<\/a> (Englisch)<\/p>\n<p><a href=\"http:\/\/www.algarvefun.com\/\" target=\"_blank\" rel=\"noopener noreferrer\">www.algarvefun.com<\/a> (Englisch)<\/p>\n<p><strong>Allgemein:<\/strong><\/p>\n<p><a href=\"http:\/\/www.algarvetips.com\/\" target=\"_blank\" rel=\"noopener noreferrer\">www.algarvetips.com<\/a> (Englisch)<\/p>\n<p><a href=\"https:\/\/www.lonelyplanet.com\/portugal\/the-algarve\" target=\"_blank\" rel=\"noopener noreferrer\">www.lonelyplanet.com<\/a> (Englisch)[\/vc_column_text][\/vc_column][vc_column width=&#8220;1\/2&#8243; el_class=&#8220;col_photo_right&#8220;][qode_elements_holder number_of_columns=&#8220;one_column&#8220;][qode_elements_holder_item cover=&#8220;yes&#8220; advanced_animations=&#8220;no&#8220; background_image=&#8220;277&#8243; item_padding=&#8220;200px&#8220;][\/qode_elements_holder_item][\/qode_elements_holder][\/vc_column][\/vc_row]<\/p>\n<\/div>","protected":false},"excerpt":{"rendered":"<p>[vc_row css_animation=&#8220;&#8220; row_type=&#8220;row&#8220; use_row_as_full_screen_section=&#8220;no&#8220; type=&#8220;grid&#8220; angled_section=&#8220;no&#8220; text_align=&#8220;center&#8220; background_image_as_pattern=&#8220;without_pattern&#8220; z_index=&#8220;&#8220; padding_top=&#8220;100&#8243; padding_bottom=&#8220;100&#8243;][vc_column][vc_column_text] Die Umgebung [\/vc_column_text][vc_column_text el_class=&#8220;intro&#8220;]Monchique liegt 22km n\u00f6rdlich der Hafenstadt Portim\u00e3o, die sich an der S\u00fcdk\u00fcste der Algarve befindet. Monchique ist eine kleine Marktstadt hoch in der Serra de Monchique, einer dicht bewaldeten Bergregion, die&#8230;<\/p>\n","protected":false},"author":1,"featured_media":0,"parent":781,"menu_order":4,"comment_status":"closed","ping_status":"closed","template":"full_width.php","meta":{"footnotes":""},"class_list":["post-803","page","type-page","status-publish","hentry"],"_links":{"self":[{"href":"https:\/\/bodhi-bhavan.com\/de\/wp-json\/wp\/v2\/pages\/803","targetHints":{"allow":["GET"]}}],"collection":[{"href":"https:\/\/bodhi-bhavan.com\/de\/wp-json\/wp\/v2\/pages"}],"about":[{"href":"https:\/\/bodhi-bhavan.com\/de\/wp-json\/wp\/v2\/types\/page"}],"author":[{"embeddable":true,"href":"https:\/\/bodhi-bhavan.com\/de\/wp-json\/wp\/v2\/users\/1"}],"replies":[{"embeddable":true,"href":"https:\/\/bodhi-bhavan.com\/de\/wp-json\/wp\/v2\/comments?post=803"}],"version-history":[{"count":4,"href":"https:\/\/bodhi-bhavan.com\/de\/wp-json\/wp\/v2\/pages\/803\/revisions"}],"predecessor-version":[{"id":1350,"href":"https:\/\/bodhi-bhavan.com\/de\/wp-json\/wp\/v2\/pages\/803\/revisions\/1350"}],"up":[{"embeddable":true,"href":"https:\/\/bodhi-bhavan.com\/de\/wp-json\/wp\/v2\/pages\/781"}],"wp:attachment":[{"href":"https:\/\/bodhi-bhavan.com\/de\/wp-json\/wp\/v2\/media?parent=803"}],"curies":[{"name":"wp","href":"https:\/\/api.w.org\/{rel}","templated":true}]}}