{"id":809,"date":"2019-06-12T09:32:55","date_gmt":"2019-06-12T09:32:55","guid":{"rendered":"http:\/\/bodhi-bhavan.com\/?page_id=809"},"modified":"2022-11-03T14:17:39","modified_gmt":"2022-11-03T14:17:39","slug":"ueber-uns","status":"publish","type":"page","link":"https:\/\/bodhi-bhavan.com\/de\/ueber-uns\/","title":{"rendered":"\u00dcber uns"},"content":{"rendered":"<div class=\"wpb-content-wrapper\"><p>[vc_row css_animation=&#8220;&#8220; row_type=&#8220;row&#8220; use_row_as_full_screen_section=&#8220;no&#8220; type=&#8220;grid&#8220; angled_section=&#8220;no&#8220; text_align=&#8220;left&#8220; background_image_as_pattern=&#8220;without_pattern&#8220; z_index=&#8220;&#8220; padding_bottom=&#8220;100&#8243;][vc_column][vc_row_inner row_type=&#8220;row&#8220; type=&#8220;full_width&#8220; text_align=&#8220;left&#8220; css_animation=&#8220;&#8220;][vc_column_inner width=&#8220;1\/3&#8243;][vc_column_text]<\/p>\n<h1 style=\"text-align: right;\">\u00dcber uns<\/h1>\n<p>[\/vc_column_text][\/vc_column_inner][vc_column_inner width=&#8220;2\/3&#8243;][\/vc_column_inner][\/vc_row_inner][vc_row_inner row_type=&#8220;row&#8220; type=&#8220;full_width&#8220; text_align=&#8220;left&#8220; css_animation=&#8220;&#8220;][vc_column_inner width=&#8220;1\/3&#8243;][vc_column_text el_class=&#8220;intro&#8220;]<\/p>\n<p style=\"text-align: right;\">Seit unserer Teenagerzeit waren wir beide auf einer spirituellen Suche, die uns schliesslich zu Meditation und Yoga gef\u00fchrt hat. Sita ist nun eine Yogalehrerin, w\u00e4hrend Michael sich f\u00fcr Coaching und Projektmanagement entschieden hat.<\/p>\n<p>[\/vc_column_text][vc_empty_space height=&#8220;20px&#8220;][vc_single_image image=&#8220;366&#8243; img_size=&#8220;full&#8220; qode_css_animation=&#8220;&#8220;][vc_empty_space height=&#8220;50px&#8220;][\/vc_column_inner][vc_column_inner width=&#8220;1\/12&#8243;][\/vc_column_inner][vc_column_inner width=&#8220;7\/12&#8243;][vc_column_text]Neben unserer spirituellen Suche standen wir immer mit beiden Beinen im Leben und empfanden diese Kombination und Integration der spirituellen Praxis in den Alltag als besonders wichtig.<span class=\"Apple-converted-space\">\u00a0<\/span><\/p>\n<p>Unsere Suche nach dem Ursprung der spirituellen Wahrheit brachte uns in Kontakt mit der Lehre nach Ramana Maharshi und H.W.L. Poonjaji (Papaji) in Indien, wo wir uns auch kennengelernt haben. Da wir viel Zeit in und auch mit der Organisation von Stilleretreaten in Tiruvannamalai (Indien) und auf Ibiza verbracht haben, konnten wir einige Erfahrung in der Organisation von Retreaten allgemein sammeln. Wir freuen uns, Dir zur Seite zu stehen und dich zu unterst\u00fctzen.<\/p>\n<p>Wir haben einige Zeit damit verbracht, den richtigen Ort zu suchen und haben auf unser inneres Gef\u00fchl vertraut, um einen Retreatort f\u00fcr uns und andere zu schaffen.<\/p>\n<p>Auch nach mehr als einem Jahr m\u00fcssen wir noch lachen, wenn wir versuchen, diesen magischen Platz \u201eunseren Ort\u201c zu nennen, denn das w\u00fcrde einen \u201eBesitz\u201c suggerieren, doch dieser Ort ist weit jenseits jeglichen Besitzes.<\/p>\n<p>Dieses Land gibt Schutz, Stille, Frieden und Raum f\u00fcr Kontemplation. Wir sind gl\u00fccklich, diesen Ort mit euch teilen zu k\u00f6nnen,- das Haus, die Natur und alle heilenden Kr\u00e4fte, die mit ihnen kommen. Im tiefen Vertrauen, dass die Qualit\u00e4ten dieses magischen Ortes jeden von euch ber\u00fchren, die ihr diesen Ort besucht.<\/p>\n<p>Der Garten stellt f\u00fcr uns eine unglaubliche Quelle des Lernens und der Inspiration dar, und wir hoffen, dass die Saaten unseres Foodforests wachsen und gedeihen, so dass in Zukunft die Besucher durch die Fr\u00fcchte des Landes ern\u00e4hrt werden k\u00f6nnen.<\/p>\n<p>Wir freuen uns, dich Willkommen zu heissen<i>.<\/i>[\/vc_column_text][\/vc_column_inner][\/vc_row_inner][\/vc_column][\/vc_row]<\/p>\n<\/div>","protected":false},"excerpt":{"rendered":"<p>[vc_row css_animation=&#8220;&#8220; row_type=&#8220;row&#8220; use_row_as_full_screen_section=&#8220;no&#8220; type=&#8220;grid&#8220; angled_section=&#8220;no&#8220; text_align=&#8220;left&#8220; background_image_as_pattern=&#8220;without_pattern&#8220; z_index=&#8220;&#8220; padding_bottom=&#8220;100&#8243;][vc_column][vc_row_inner row_type=&#8220;row&#8220; type=&#8220;full_width&#8220; text_align=&#8220;left&#8220; css_animation=&#8220;&#8220;][vc_column_inner width=&#8220;1\/3&#8243;][vc_column_text] \u00dcber uns [\/vc_column_text][\/vc_column_inner][vc_column_inner width=&#8220;2\/3&#8243;][\/vc_column_inner][\/vc_row_inner][vc_row_inner row_type=&#8220;row&#8220; type=&#8220;full_width&#8220; text_align=&#8220;left&#8220; css_animation=&#8220;&#8220;][vc_column_inner width=&#8220;1\/3&#8243;][vc_column_text el_class=&#8220;intro&#8220;] Seit unserer Teenagerzeit waren wir beide auf einer spirituellen Suche, die uns schliesslich zu Meditation und Yoga gef\u00fchrt hat. Sita&#8230;<\/p>\n","protected":false},"author":1,"featured_media":0,"parent":0,"menu_order":3,"comment_status":"closed","ping_status":"closed","template":"full_width.php","meta":{"footnotes":""},"class_list":["post-809","page","type-page","status-publish","hentry"],"_links":{"self":[{"href":"https:\/\/bodhi-bhavan.com\/de\/wp-json\/wp\/v2\/pages\/809","targetHints":{"allow":["GET"]}}],"collection":[{"href":"https:\/\/bodhi-bhavan.com\/de\/wp-json\/wp\/v2\/pages"}],"about":[{"href":"https:\/\/bodhi-bhavan.com\/de\/wp-json\/wp\/v2\/types\/page"}],"author":[{"embeddable":true,"href":"https:\/\/bodhi-bhavan.com\/de\/wp-json\/wp\/v2\/users\/1"}],"replies":[{"embeddable":true,"href":"https:\/\/bodhi-bhavan.com\/de\/wp-json\/wp\/v2\/comments?post=809"}],"version-history":[{"count":2,"href":"https:\/\/bodhi-bhavan.com\/de\/wp-json\/wp\/v2\/pages\/809\/revisions"}],"predecessor-version":[{"id":1411,"href":"https:\/\/bodhi-bhavan.com\/de\/wp-json\/wp\/v2\/pages\/809\/revisions\/1411"}],"wp:attachment":[{"href":"https:\/\/bodhi-bhavan.com\/de\/wp-json\/wp\/v2\/media?parent=809"}],"curies":[{"name":"wp","href":"https:\/\/api.w.org\/{rel}","templated":true}]}}