{"id":925,"date":"2019-06-12T18:01:01","date_gmt":"2019-06-12T18:01:01","guid":{"rendered":"http:\/\/bodhi-bhavan.com\/?page_id=925"},"modified":"2022-08-11T13:28:44","modified_gmt":"2022-08-11T13:28:44","slug":"kontakt","status":"publish","type":"page","link":"https:\/\/bodhi-bhavan.com\/de\/kontakt\/","title":{"rendered":"Kontakt"},"content":{"rendered":"<div class=\"wpb-content-wrapper\"><p>[vc_row css_animation=&#8220;&#8220; row_type=&#8220;row&#8220; use_row_as_full_screen_section=&#8220;no&#8220; type=&#8220;grid&#8220; angled_section=&#8220;no&#8220; text_align=&#8220;center&#8220; background_image_as_pattern=&#8220;without_pattern&#8220; padding_top=&#8220;100&#8243;][vc_column width=&#8220;1\/6&#8243;][\/vc_column][vc_column width=&#8220;2\/3&#8243;][vc_column_text]<\/p>\n<h1>Kontakt<\/h1>\n<p>[\/vc_column_text][vc_column_text el_class=&#8220;intro&#8220;]Wir laden dich herzlich ein, dich mit uns in Verbindung zu setzen und wir hoffen, wir k\u00f6nnen dir bei deinen Fragen weiterhelfen.[\/vc_column_text][\/vc_column][vc_column width=&#8220;1\/6&#8243;][\/vc_column][\/vc_row][vc_row css_animation=&#8220;&#8220; row_type=&#8220;row&#8220; use_row_as_full_screen_section=&#8220;no&#8220; type=&#8220;grid&#8220; angled_section=&#8220;no&#8220; text_align=&#8220;left&#8220; background_image_as_pattern=&#8220;without_pattern&#8220; padding_top=&#8220;100&#8243; padding_bottom=&#8220;100&#8243;][vc_column width=&#8220;1\/4&#8243;][vc_column_text]<\/p>\n<h4>Adresse<\/h4>\n<p>Poio de Medronhal<br \/>\n8550-233 Monchique<br \/>\nPortugal<\/p>\n<h4>Email<\/h4>\n<p><a href=\"mailto:connect@bodhi-bhavan.com\">connect@bodhi-bhavan.com<\/a><\/p>\n<h4>Telefonnummern<\/h4>\n<p><strong>Michael:<\/strong><br \/>\n+49 171 220 90 60 (Deutschland)<br \/>\n+351 910 898 190 (Portugal)<\/p>\n<p><strong>Sita:<\/strong><br \/>\n+49 160 90 99 40 40 (Deutschland)<br \/>\n+351 911 953 771 (Portugal)<\/p>\n<h4>Beschwerdedienst<\/h4>\n<p>In Portugal ist es obligatorisch, den Link zum \u00f6ffentlichen Online-Beschwerdedienst zu ver\u00f6ffentlichen. Bitte gehen Sie zu\u00a0<a href=\"https:\/\/www.livroreclamacoes.pt\/inicio\/reclamacao\" target=\"_blank\" rel=\"noopener noreferrer\">https:\/\/www.livroreclamacoes.pt\/inicio\/reclamacao<\/a>[\/vc_column_text][\/vc_column][vc_column width=&#8220;3\/4&#8243;]\n<div class=\"wpcf7 no-js\" id=\"wpcf7-f982-o1\" lang=\"de-DE\" dir=\"ltr\" data-wpcf7-id=\"982\">\n<div class=\"screen-reader-response\"><p role=\"status\" aria-live=\"polite\" aria-atomic=\"true\"><\/p> <ul><\/ul><\/div>\n<form action=\"\/de\/wp-json\/wp\/v2\/pages\/925#wpcf7-f982-o1\" method=\"post\" class=\"wpcf7-form init cf7_custom_style_1\" aria-label=\"Kontaktformular\" novalidate=\"novalidate\" data-status=\"init\">\n<fieldset class=\"hidden-fields-container\"><input type=\"hidden\" name=\"_wpcf7\" value=\"982\" \/><input type=\"hidden\" name=\"_wpcf7_version\" value=\"6.1.4\" \/><input type=\"hidden\" name=\"_wpcf7_locale\" value=\"de_DE\" \/><input type=\"hidden\" name=\"_wpcf7_unit_tag\" value=\"wpcf7-f982-o1\" \/><input type=\"hidden\" name=\"_wpcf7_container_post\" value=\"0\" \/><input type=\"hidden\" name=\"_wpcf7_posted_data_hash\" value=\"\" \/>\n<\/fieldset>\n<div class=\"two_columns_50_50 clearfix\">\n\t<div class=\"column1\">\n\t\t<div class=\"column_inner\">\n\t\t\t<p><span class=\"wpcf7-form-control-wrap\" data-name=\"first-name\"><input size=\"40\" maxlength=\"400\" class=\"wpcf7-form-control wpcf7-text wpcf7-validates-as-required\" aria-required=\"true\" aria-invalid=\"false\" placeholder=\"Vorname*\" value=\"\" type=\"text\" name=\"first-name\" \/><\/span>\n\t\t\t<\/p>\n\t\t<\/div>\n\t<\/div>\n\t<div class=\"column2\">\n\t\t<div class=\"column_inner\">\n\t\t\t<p><span class=\"wpcf7-form-control-wrap\" data-name=\"last-name\"><input size=\"40\" maxlength=\"400\" class=\"wpcf7-form-control wpcf7-text wpcf7-validates-as-required\" aria-required=\"true\" aria-invalid=\"false\" placeholder=\"Nachname*\" value=\"\" type=\"text\" name=\"last-name\" \/><\/span>\n\t\t\t<\/p>\n\t\t<\/div>\n\t<\/div>\n<\/div>\n<div class=\"two_columns_50_50 clearfix\">\n\t<div class=\"column1\">\n\t\t<div class=\"column_inner\">\n\t\t\t<p><span class=\"wpcf7-form-control-wrap\" data-name=\"email\"><input size=\"40\" maxlength=\"400\" class=\"wpcf7-form-control wpcf7-email wpcf7-validates-as-required wpcf7-text wpcf7-validates-as-email\" aria-required=\"true\" aria-invalid=\"false\" placeholder=\"Email*\" value=\"\" type=\"email\" name=\"email\" \/><\/span>\n\t\t\t<\/p>\n\t\t<\/div>\n\t<\/div>\n\t<div class=\"column2\">\n\t\t<div class=\"column_inner\">\n\t\t\t<p><span class=\"wpcf7-form-control-wrap\" data-name=\"tel\"><input size=\"40\" maxlength=\"400\" class=\"wpcf7-form-control wpcf7-tel wpcf7-text wpcf7-validates-as-tel\" aria-invalid=\"false\" placeholder=\"Telefonnummer\" value=\"\" type=\"tel\" name=\"tel\" \/><\/span>\n\t\t\t<\/p>\n\t\t<\/div>\n\t<\/div>\n<\/div>\n<p><span class=\"wpcf7-form-control-wrap\" data-name=\"textarea\"><textarea cols=\"40\" rows=\"10\" maxlength=\"2000\" class=\"wpcf7-form-control wpcf7-textarea wpcf7-validates-as-required\" aria-required=\"true\" aria-invalid=\"false\" placeholder=\"Botschaft*\" name=\"textarea\"><\/textarea><\/span><br \/>\n<span class=\"submit_button_contact\"><br \/>\n<input class=\"wpcf7-form-control wpcf7-submit has-spinner\" type=\"submit\" value=\"Kontaktiere uns\" \/><br \/>\n<\/span>\n<\/p><div class=\"wpcf7-response-output\" aria-hidden=\"true\"><\/div>\n<\/form>\n<\/div>\n[\/vc_column][\/vc_row][vc_row css_animation=&#8220;&#8220; row_type=&#8220;row&#8220; use_row_as_full_screen_section=&#8220;no&#8220; type=&#8220;grid&#8220; angled_section=&#8220;no&#8220; text_align=&#8220;left&#8220; background_image_as_pattern=&#8220;without_pattern&#8220;][vc_column][vc_gmaps link=&#8220;#E-8_JTNDaWZyYW1lJTIwc3JjJTNEJTIyaHR0cHMlM0ElMkYlMkZ3d3cuZ29vZ2xlLmNvbSUyRm1hcHMlMkZlbWJlZCUzRnBiJTNEJTIxMW0xOCUyMTFtMTIlMjExbTMlMjExZDI3NjY4LjI5MjUzNzkyNzcxNSUyMTJkLTguNTQ2ODA2NTc1NDYwODQyJTIxM2QzNy4zMTQ5MDU1MDI3OTg3OCUyMTJtMyUyMTFmMCUyMTJmMCUyMTNmMCUyMTNtMiUyMTFpMTAyNCUyMTJpNzY4JTIxNGYxMy4xJTIxM20zJTIxMW0yJTIxMXMweDAlMjUzQTB4MCUyMTJ6TXpmQ3NERTRKelV6TGpjaVRpQTR3ckF6TVNjek9TNDRJbGMlMjE1ZTAlMjEzbTIlMjExc25sJTIxMnNubCUyMTR2MTU0NDAxMjU3NDgwNSUyMiUyMHdpZHRoJTNEJTIyNjAwJTIyJTIwaGVpZ2h0JTNEJTIyNDUwJTIyJTIwZnJhbWVib3JkZXIlM0QlMjIwJTIyJTIwc3R5bGUlM0QlMjJib3JkZXIlM0EwJTIyJTIwYWxsb3dmdWxsc2NyZWVuJTNFJTNDJTJGaWZyYW1lJTNF&#8220;][\/vc_column][\/vc_row][vc_row css_animation=&#8220;&#8220; row_type=&#8220;row&#8220; use_row_as_full_screen_section=&#8220;no&#8220; type=&#8220;grid&#8220; angled_section=&#8220;no&#8220; text_align=&#8220;center&#8220; background_image_as_pattern=&#8220;without_pattern&#8220; padding_top=&#8220;100&#8243; padding_bottom=&#8220;100&#8243;][vc_column][vc_column_text]<\/p>\n<h1>Wie komme ich zum Bodhi Bhavan?<\/h1>\n<p>[\/vc_column_text]<div class=\"qode-advanced-tabs qode-advanced-tabs qode-advanced-horizontal-tab clearfix qode-advanced-tab-without-icon qode-advanced-tabs-column-4 clearfix\">\n\t<ul class=\"qode-advanced-tabs-nav\">\n\t\t\t\t\t<li>\n\t\t\t\t<h6>\n\t\t\t\t\t<a href=\"#tab-mit-dem-flugzeug\">\n\t\t\t\t\t\t\n\t\t\t\t\t\t\t\t\t\t\t\t\t<span class=\"qode-advanced-tab-text-after-icon\">\n\t\t\t\t\t\t\t\tMit dem Flugzeug\t\t\t\t\t\t\t<\/span>\n\t\t\t\t\t\t\t\t\t\t\t<\/a>\n\t\t\t\t<\/h6>\n\t\t\t<\/li>\n\t\t\t\t\t<li>\n\t\t\t\t<h6>\n\t\t\t\t\t<a href=\"#tab-mit-shuttlebus\">\n\t\t\t\t\t\t\n\t\t\t\t\t\t\t\t\t\t\t\t\t<span class=\"qode-advanced-tab-text-after-icon\">\n\t\t\t\t\t\t\t\tMit Shuttlebus\t\t\t\t\t\t\t<\/span>\n\t\t\t\t\t\t\t\t\t\t\t<\/a>\n\t\t\t\t<\/h6>\n\t\t\t<\/li>\n\t\t\t\t\t<li>\n\t\t\t\t<h6>\n\t\t\t\t\t<a href=\"#tab-mit-dem-auto\">\n\t\t\t\t\t\t\n\t\t\t\t\t\t\t\t\t\t\t\t\t<span class=\"qode-advanced-tab-text-after-icon\">\n\t\t\t\t\t\t\t\tMit dem Auto\t\t\t\t\t\t\t<\/span>\n\t\t\t\t\t\t\t\t\t\t\t<\/a>\n\t\t\t\t<\/h6>\n\t\t\t<\/li>\n\t\t\t\t\t<li>\n\t\t\t\t<h6>\n\t\t\t\t\t<a href=\"#tab-car-rental\">\n\t\t\t\t\t\t\n\t\t\t\t\t\t\t\t\t\t\t\t\t<span class=\"qode-advanced-tab-text-after-icon\">\n\t\t\t\t\t\t\t\tCar rental\t\t\t\t\t\t\t<\/span>\n\t\t\t\t\t\t\t\t\t\t\t<\/a>\n\t\t\t\t<\/h6>\n\t\t\t<\/li>\n\t\t\t<\/ul>\n\t<div class=\"qode-advanced-tab-container\" id=\"tab-mit-dem-flugzeug-835\" data-icon-pack=\"\" data-icon-html=\"\">[vc_row_inner row_type=&#8220;row&#8220; type=&#8220;full_width&#8220; text_align=&#8220;left&#8220; css_animation=&#8220;&#8220;][vc_column_inner width=&#8220;1\/3&#8243;][vc_single_image image=&#8220;621&#8243; img_size=&#8220;large&#8220; qode_css_animation=&#8220;&#8220;][\/vc_column_inner][vc_column_inner width=&#8220;2\/3&#8243;][vc_column_text]<\/p>\n<h3>Mit dem Flugzeug<\/h3>\n<p>[\/vc_column_text][vc_column_text]Der n\u00e4chstgelegene Flughafen ist Faro (FAO), der ungef\u00e4hr 65 Minuten Autofahrt entfernt ist. Eine andere, wenn auch weiter entfernte, M\u00f6glichkeit ist die Anreise \u00fcber Lissabon (LIS), 2,5 Fahrtstunden entfernt.<\/p>\n<p>Wenn ihr kein Auto mietet, k\u00f6nnt ihr auch am Flughafen einen Shuttlebus buchen. Von Lissabon und Faro gibt es gute Zug- und Fernbusverbindungen nach Portim\u00e3o. Von hier sind es mit dem Taxi, Bus oder Shuttle 25 Minuten Fahrt zum Bhavan.<\/p>\n<p>Es gibt g\u00fcnstige Flugtickets von vielen Abflugh\u00e4fen sowohl nach Faro, also auch nach Lissabon. F\u00fcr die g\u00fcnstigsten Preise schaut bei <a href=\"https:\/\/www.momondo.com\/\">momondo.com<\/a>\u00a0oder <a href=\"http:\/\/skyscanner.com\/\">skyscanner.com<\/a>.[\/vc_column_text][\/vc_column_inner][\/vc_row_inner]<\/div><div class=\"qode-advanced-tab-container\" id=\"tab-mit-shuttlebus-123\" data-icon-pack=\"\" data-icon-html=\"\">[vc_row_inner row_type=&#8220;row&#8220; type=&#8220;full_width&#8220; text_align=&#8220;left&#8220; css_animation=&#8220;&#8220;][vc_column_inner width=&#8220;1\/3&#8243;][vc_single_image image=&#8220;1044&#8243; img_size=&#8220;large&#8220; qode_css_animation=&#8220;&#8220;][\/vc_column_inner][vc_column_inner width=&#8220;2\/3&#8243;][vc_column_text]<\/p>\n<h3>Mit Shuttlebus<\/h3>\n<p>[\/vc_column_text][vc_column_text]Von Faro aus, kann man einen Shuttlebus buchen, der einen direkt zum Bhavan bringt, Die Fahrt dauert ca. 65 Minuten.<\/p>\n<p>Oder ihr k\u00f6nnt \u00f6ffentliche Verkehrsmittel von Lissabon oder Faro nach Portim\u00e3o nehmen. Von hier k\u00f6nnt ihr ein lokales Taxi oder einen im voraus gebuchten Shuttle zu unserem Bhavan nehmen. Die Fahrtzeit betr\u00e4gt ungef\u00e4hr 25 Minuten.<\/p>\n<p>Die Kosten f\u00fcr den Transfer h\u00e4ngen vom Ort der Abholung ab, von der Ankunftszeit und der Menge der Passagiere. Wenn ihr Interesse an einem Transfer habt, dann helfen wir euch gerne mit der Buchung. Um die beste Option zu finden, ben\u00f6tigen wir eure Ankunftszeit, die Passagieranzahl und wieviel Gep\u00e4ck ihr dabei habt.[\/vc_column_text][\/vc_column_inner][\/vc_row_inner]<\/div><div class=\"qode-advanced-tab-container\" id=\"tab-mit-dem-auto-773\" data-icon-pack=\"\" data-icon-html=\"\">[vc_row_inner row_type=&#8220;row&#8220; type=&#8220;full_width&#8220; text_align=&#8220;left&#8220; css_animation=&#8220;&#8220;][vc_column_inner width=&#8220;1\/3&#8243;][vc_single_image image=&#8220;623&#8243; img_size=&#8220;large&#8220; qode_css_animation=&#8220;&#8220;][\/vc_column_inner][vc_column_inner width=&#8220;2\/3&#8243;][vc_column_text]<\/p>\n<h3>Mit dem Auto<\/h3>\n<p>[\/vc_column_text][vc_column_text]<strong>Streckenhinweise mit Navigation:<\/strong><\/p>\n<p>Wenn ihr ein Navigationssystem im Auto benutzt, sind die Koordinaten zum Eingeben:<br \/>\n37.314564, -8.528260<\/p>\n<p>Oder ihr klickt auf einen der Links unten, wenn ihr eine dieser Apps benutzt:<br \/>\n<a href=\"https:\/\/goo.gl\/maps\/uLe6yBFHSMDKni329\" target=\"_blank\" rel=\"noopener noreferrer\">Google maps<\/a><\/p>\n<p><strong>Streckenhinweise ohne Navigation:<\/strong><\/p>\n<p>Aus dem Flughafen Faro kommend, beim ersten Kreisel die zweite Ausfahrt auf die N125-10 nehmen.<\/p>\n<p>Geradeaus fahren bis zum Schild Portimao\/A22 bis zur Ausfahrt IC4. Die IC4 f\u00fchrt weiter in die N125-4 und f\u00fchrt einen bis zur Auffahrt auf die Autobahn A22 in Richtung Portimao. Als Orientierung seht ihr einen grossen IKEA Laden vor euch.<\/p>\n<p>Auf der Autobahn A22 fahrt ihr bis zur Ausfahrt 5 &#8211; Monchique\/Portimao. Im Ort Monchique gibt es links und rechts eine Tankstelle und einen weiteren Kreisel (linkerhand ist ein Intermarche Supermarkt). An diesem Kreisel nehmt ihr die erste Ausfahrt rechts in Richtung Alferce.<\/p>\n<p>Nach ungef\u00e4hr 250 Metern sehr ihr ein Schild \u2018Picota\u00a0\u2192\u2019, folgt diesem Schuld rechts den Berg hianuf, bis ihr zu einer Gabelung kommt (mit einem Stein auf den \u201aPicota\u2019 gemalt wurde), biegt rechts ab und fahrt weiter den Picota hinauf. Nach ein paar Minuten erreicht ihr Bodhi Bhavan mit einem Zaun und einer grossen Eingangstor auf der linken Strassenseite.[\/vc_column_text][\/vc_column_inner][\/vc_row_inner]<\/div><div class=\"qode-advanced-tab-container\" id=\"tab-car-rental-894\" data-icon-pack=\"\" data-icon-html=\"\">[vc_row_inner row_type=&#8220;row&#8220; type=&#8220;full_width&#8220; text_align=&#8220;left&#8220; css_animation=&#8220;&#8220;][vc_column_inner width=&#8220;1\/3&#8243;][vc_single_image image=&#8220;625&#8243; img_size=&#8220;large&#8220; qode_css_animation=&#8220;&#8220;][\/vc_column_inner][vc_column_inner width=&#8220;2\/3&#8243;][vc_column_text]<\/p>\n<h3>Autovermietungen<\/h3>\n<p>[\/vc_column_text][vc_column_text]Es gibt mehrere gute M\u00f6glichkeiten am Flughafen Faro ein Auto zu mieten. Neben den bekannten wie Europcar, Hertz, SIXT und Avis, gibt es auch mehrere gute lokale Anbieter. Die meisten internationalen Mietwagenfirmen, die am Flughafen Faro t\u00e4tig sind, haben eigene Schalter im Terminal und Abhol- \/ R\u00fccknahmeparks au\u00dferhalb.[\/vc_column_text][\/vc_column_inner][\/vc_row_inner]<\/div><\/div>[\/vc_column][\/vc_row]<\/p>\n<\/div>","protected":false},"excerpt":{"rendered":"<p>[vc_row css_animation=&#8220;&#8220; row_type=&#8220;row&#8220; use_row_as_full_screen_section=&#8220;no&#8220; type=&#8220;grid&#8220; angled_section=&#8220;no&#8220; text_align=&#8220;center&#8220; background_image_as_pattern=&#8220;without_pattern&#8220; padding_top=&#8220;100&#8243;][vc_column width=&#8220;1\/6&#8243;][\/vc_column][vc_column width=&#8220;2\/3&#8243;][vc_column_text] Kontakt [\/vc_column_text][vc_column_text el_class=&#8220;intro&#8220;]Wir laden dich herzlich ein, dich mit uns in Verbindung zu setzen und wir hoffen, wir k\u00f6nnen dir bei deinen Fragen weiterhelfen.[\/vc_column_text][\/vc_column][vc_column width=&#8220;1\/6&#8243;][\/vc_column][\/vc_row][vc_row css_animation=&#8220;&#8220; row_type=&#8220;row&#8220; use_row_as_full_screen_section=&#8220;no&#8220; type=&#8220;grid&#8220; angled_section=&#8220;no&#8220; text_align=&#8220;left&#8220; background_image_as_pattern=&#8220;without_pattern&#8220; padding_top=&#8220;100&#8243; padding_bottom=&#8220;100&#8243;][vc_column&#8230;<\/p>\n","protected":false},"author":1,"featured_media":0,"parent":0,"menu_order":6,"comment_status":"closed","ping_status":"closed","template":"full_width.php","meta":{"footnotes":""},"class_list":["post-925","page","type-page","status-publish","hentry"],"_links":{"self":[{"href":"https:\/\/bodhi-bhavan.com\/de\/wp-json\/wp\/v2\/pages\/925","targetHints":{"allow":["GET"]}}],"collection":[{"href":"https:\/\/bodhi-bhavan.com\/de\/wp-json\/wp\/v2\/pages"}],"about":[{"href":"https:\/\/bodhi-bhavan.com\/de\/wp-json\/wp\/v2\/types\/page"}],"author":[{"embeddable":true,"href":"https:\/\/bodhi-bhavan.com\/de\/wp-json\/wp\/v2\/users\/1"}],"replies":[{"embeddable":true,"href":"https:\/\/bodhi-bhavan.com\/de\/wp-json\/wp\/v2\/comments?post=925"}],"version-history":[{"count":11,"href":"https:\/\/bodhi-bhavan.com\/de\/wp-json\/wp\/v2\/pages\/925\/revisions"}],"predecessor-version":[{"id":1380,"href":"https:\/\/bodhi-bhavan.com\/de\/wp-json\/wp\/v2\/pages\/925\/revisions\/1380"}],"wp:attachment":[{"href":"https:\/\/bodhi-bhavan.com\/de\/wp-json\/wp\/v2\/media?parent=925"}],"curies":[{"name":"wp","href":"https:\/\/api.w.org\/{rel}","templated":true}]}}